{"id":100,"date":"2024-07-14T19:02:25","date_gmt":"2024-07-14T19:02:25","guid":{"rendered":"https:\/\/www.fradet-nergie.fr\/?page_id=100"},"modified":"2024-07-14T23:42:19","modified_gmt":"2024-07-14T23:42:19","slug":"le-traitement-de-leau","status":"publish","type":"page","link":"https:\/\/www.fradet-nergie.fr\/?page_id=100","title":{"rendered":"Le traitement de l&rsquo;eau"},"content":{"rendered":"\n<p class=\"has-text-color\" style=\"color:#006ea0\">L&rsquo;eau est une probl\u00e9matique majeur.<\/p>\n\n\n\n<p>Les syst\u00e8mes actuelles de traitements anticalcaires pr\u00e9sentent majoritairement soit des rejets d&rsquo;eaux us\u00e9es contenant du calcaire et du sel en grandes concentration soit des modifications chimiques de l&rsquo;eau.<\/p>\n\n\n\n<p>Ce qui \u00e9cologiquement et sanitairement ne conviennent pas du tout \u00e0 la philosophie de Nicolas dont le regard global va beaucoup plus loin que le traitement seul du calcaire (Sant\u00e9, \u00e9cologie, \u00e9conomie).<\/p>\n\n\n\n<p>C&rsquo;est pourquoi il s&rsquo;est tourn\u00e9 vers une marque qualitative dans le traitement de l&rsquo;eau. <\/p>\n\n\n\n<p>L&rsquo;antitartre Dropson EMI avec lequel il a choisit de travailler, propose de r\u00e9duire fortement le pouvoir incrustant du calcaire afin qu&rsquo;il ne s&rsquo;incruste plus dans votre circuit d&rsquo;eau domestique. <\/p>\n\n\n\n<p>Dans une recherche d&rsquo;expertise et d&rsquo;exp\u00e9rimentation de ce mat\u00e9riel celui-ci \u00e0 \u00e9t\u00e9 install\u00e9 et test\u00e9 dans ses locaux. Le test \u00e9tant tr\u00e8s concluant, Nicolas l&rsquo;a ensuite propos\u00e9 \u00e0 sa client\u00e8le.<\/p>\n\n\n\n<p>Retrouvez des photos d&rsquo;installation en fin de page.<\/p>\n\n\n\n<div style=\"height:48px\" aria-hidden=\"true\" class=\"wp-block-spacer\"><\/div>\n\n\n\n<div class=\"wp-block-buttons is-content-justification-center is-nowrap is-layout-flex wp-container-core-buttons-is-layout-1fb9aab6 wp-block-buttons-is-layout-flex\">\n<div class=\"wp-block-button is-style-fill\"><a class=\"wp-block-button__link has-black-color has-luminous-vivid-orange-background-color has-text-color has-background has-link-color wp-element-button\" href=\"https:\/\/www.dropson.com\/ma\/comparatif-adoucisseur-dropson.html#:~:text=Avec%20un%20adoucisseur%2C%20plus%20l,pr%C3%A9viennent%20la%20formation%20du%20tartre\" target=\"_blank\" rel=\"noreferrer noopener\">Comparatif adoucisseur VS. Dropson<\/a><\/div>\n<\/div>\n\n\n\n<div style=\"height:60px\" aria-hidden=\"true\" class=\"wp-block-spacer\"><\/div>\n\n\n<div class=\"wp-block-image\">\n<figure class=\"aligncenter size-full is-resized\"><img loading=\"lazy\" decoding=\"async\" width=\"577\" height=\"453\" src=\"https:\/\/www.fradet-nergie.fr\/wp-content\/uploads\/2024\/07\/Capture-decran-2024-07-14-201845.png\" alt=\"\" class=\"wp-image-102\" style=\"aspect-ratio:1.2732474964234621;width:834px;height:auto\" srcset=\"https:\/\/www.fradet-nergie.fr\/wp-content\/uploads\/2024\/07\/Capture-decran-2024-07-14-201845.png 577w, https:\/\/www.fradet-nergie.fr\/wp-content\/uploads\/2024\/07\/Capture-decran-2024-07-14-201845-300x236.png 300w\" sizes=\"auto, (max-width: 577px) 100vw, 577px\" \/><\/figure>\n<\/div>\n\n\n<div style=\"height:44px\" aria-hidden=\"true\" class=\"wp-block-spacer\"><\/div>\n\n\n\n<div class=\"wp-block-buttons is-content-justification-center is-layout-flex wp-container-core-buttons-is-layout-16018d1d wp-block-buttons-is-layout-flex\">\n<div class=\"wp-block-button\"><a class=\"wp-block-button__link has-black-color has-luminous-vivid-amber-background-color has-text-color has-background wp-element-button\" href=\"https:\/\/blog.dropson.fr\/adoucisseurs-raisons-pour-choisir\/\" target=\"_blank\" rel=\"noreferrer noopener\">Comparateur: Adoucisseur \/ Antitartre<\/a><\/div>\n<\/div>\n\n\n\n<div style=\"height:29px\" aria-hidden=\"true\" class=\"wp-block-spacer\"><\/div>\n\n\n\n<div class=\"wp-block-columns is-layout-flex wp-container-core-columns-is-layout-9d6595d7 wp-block-columns-is-layout-flex\">\n<div class=\"wp-block-column is-layout-flow wp-block-column-is-layout-flow\"><div class=\"wp-block-image\">\n<figure class=\"aligncenter size-full is-resized\"><img loading=\"lazy\" decoding=\"async\" width=\"673\" height=\"432\" src=\"https:\/\/www.fradet-nergie.fr\/wp-content\/uploads\/2024\/07\/Capture-decran-2024-07-14-202612.png\" alt=\"\" class=\"wp-image-107\" style=\"width:881px;height:564px\" srcset=\"https:\/\/www.fradet-nergie.fr\/wp-content\/uploads\/2024\/07\/Capture-decran-2024-07-14-202612.png 673w, https:\/\/www.fradet-nergie.fr\/wp-content\/uploads\/2024\/07\/Capture-decran-2024-07-14-202612-300x193.png 300w\" sizes=\"auto, (max-width: 673px) 100vw, 673px\" \/><\/figure>\n<\/div><\/div>\n<\/div>\n\n\n\n<div style=\"height:27px\" aria-hidden=\"true\" class=\"wp-block-spacer\"><\/div>\n\n\n\n<div class=\"wp-block-columns is-layout-flex wp-container-core-columns-is-layout-9d6595d7 wp-block-columns-is-layout-flex\">\n<div class=\"wp-block-column is-layout-flow wp-block-column-is-layout-flow\"><div class=\"wp-block-image\">\n<figure class=\"alignleft size-full is-resized\"><img loading=\"lazy\" decoding=\"async\" width=\"301\" height=\"309\" src=\"https:\/\/www.fradet-nergie.fr\/wp-content\/uploads\/2024\/07\/Capture-decran-2024-07-14-202856.png\" alt=\"\" class=\"wp-image-108\" style=\"width:404px;height:412px\" srcset=\"https:\/\/www.fradet-nergie.fr\/wp-content\/uploads\/2024\/07\/Capture-decran-2024-07-14-202856.png 301w, https:\/\/www.fradet-nergie.fr\/wp-content\/uploads\/2024\/07\/Capture-decran-2024-07-14-202856-292x300.png 292w\" sizes=\"auto, (max-width: 301px) 100vw, 301px\" \/><\/figure>\n<\/div><\/div>\n\n\n\n<div class=\"wp-block-column is-layout-flow wp-block-column-is-layout-flow\"><div class=\"wp-block-image\">\n<figure class=\"aligncenter size-full is-resized\"><img loading=\"lazy\" decoding=\"async\" width=\"646\" height=\"517\" src=\"https:\/\/www.fradet-nergie.fr\/wp-content\/uploads\/2024\/07\/Capture-decran-2024-07-14-202225-1.png\" alt=\"\" class=\"wp-image-114\" style=\"width:586px;height:466px\" srcset=\"https:\/\/www.fradet-nergie.fr\/wp-content\/uploads\/2024\/07\/Capture-decran-2024-07-14-202225-1.png 646w, https:\/\/www.fradet-nergie.fr\/wp-content\/uploads\/2024\/07\/Capture-decran-2024-07-14-202225-1-300x240.png 300w\" sizes=\"auto, (max-width: 646px) 100vw, 646px\" \/><\/figure>\n<\/div><\/div>\n<\/div>\n\n\n\n<div style=\"height:40px\" aria-hidden=\"true\" class=\"wp-block-spacer\"><\/div>\n\n\n\n<div class=\"wp-block-columns is-layout-flex wp-container-core-columns-is-layout-9d6595d7 wp-block-columns-is-layout-flex\">\n<div class=\"wp-block-column is-layout-flow wp-block-column-is-layout-flow\"><div class=\"wp-block-image\">\n<figure class=\"alignright size-full is-resized\"><img loading=\"lazy\" decoding=\"async\" width=\"433\" height=\"321\" src=\"https:\/\/www.fradet-nergie.fr\/wp-content\/uploads\/2024\/07\/Capture-decran-2024-07-14-203303-1.png\" alt=\"\" class=\"wp-image-113\" style=\"width:614px;height:455px\" srcset=\"https:\/\/www.fradet-nergie.fr\/wp-content\/uploads\/2024\/07\/Capture-decran-2024-07-14-203303-1.png 433w, https:\/\/www.fradet-nergie.fr\/wp-content\/uploads\/2024\/07\/Capture-decran-2024-07-14-203303-1-300x222.png 300w\" sizes=\"auto, (max-width: 433px) 100vw, 433px\" \/><\/figure>\n<\/div><\/div>\n\n\n\n<div class=\"wp-block-column is-layout-flow wp-block-column-is-layout-flow\"><div class=\"wp-block-image\">\n<figure class=\"aligncenter size-full is-resized\"><img loading=\"lazy\" decoding=\"async\" width=\"742\" height=\"474\" src=\"https:\/\/www.fradet-nergie.fr\/wp-content\/uploads\/2024\/07\/Capture-decran-2024-07-14-203420-1.png\" alt=\"\" class=\"wp-image-112\" style=\"width:649px;height:414px\" srcset=\"https:\/\/www.fradet-nergie.fr\/wp-content\/uploads\/2024\/07\/Capture-decran-2024-07-14-203420-1.png 742w, https:\/\/www.fradet-nergie.fr\/wp-content\/uploads\/2024\/07\/Capture-decran-2024-07-14-203420-1-300x192.png 300w\" sizes=\"auto, (max-width: 742px) 100vw, 742px\" \/><\/figure>\n<\/div><\/div>\n<\/div>\n\n\n\n<div style=\"height:23px\" aria-hidden=\"true\" class=\"wp-block-spacer\"><\/div>\n\n\n\n<div class=\"wp-block-buttons is-content-justification-center is-layout-flex wp-container-core-buttons-is-layout-16018d1d wp-block-buttons-is-layout-flex\">\n<div class=\"wp-block-button\"><a class=\"wp-block-button__link has-background wp-element-button\" href=\"https:\/\/www.fradet-nergie.fr\/?page_id=133\" style=\"background-color:#e62336\" target=\"_blank\" rel=\"noreferrer noopener\">Prise de RDV<\/a><\/div>\n<\/div>\n\n\n\n<div style=\"height:63px\" aria-hidden=\"true\" class=\"wp-block-spacer\"><\/div>\n\n\n\n<div class=\"wp-block-columns is-layout-flex wp-container-core-columns-is-layout-9d6595d7 wp-block-columns-is-layout-flex\">\n<div class=\"wp-block-column is-layout-flow wp-block-column-is-layout-flow\"><div class=\"wp-block-image\">\n<figure class=\"alignleft size-large is-resized\"><img loading=\"lazy\" decoding=\"async\" width=\"768\" height=\"1024\" src=\"https:\/\/www.fradet-nergie.fr\/wp-content\/uploads\/2024\/07\/IMG_20240607_171349-1-768x1024.jpg\" alt=\"\" class=\"wp-image-269\" style=\"width:355px;height:auto\" srcset=\"https:\/\/www.fradet-nergie.fr\/wp-content\/uploads\/2024\/07\/IMG_20240607_171349-1-768x1024.jpg 768w, https:\/\/www.fradet-nergie.fr\/wp-content\/uploads\/2024\/07\/IMG_20240607_171349-1-225x300.jpg 225w, https:\/\/www.fradet-nergie.fr\/wp-content\/uploads\/2024\/07\/IMG_20240607_171349-1-1152x1536.jpg 1152w, https:\/\/www.fradet-nergie.fr\/wp-content\/uploads\/2024\/07\/IMG_20240607_171349-1-1536x2048.jpg 1536w, https:\/\/www.fradet-nergie.fr\/wp-content\/uploads\/2024\/07\/IMG_20240607_171349-1-1024x1365.jpg 1024w, https:\/\/www.fradet-nergie.fr\/wp-content\/uploads\/2024\/07\/IMG_20240607_171349-1-810x1080.jpg 810w, https:\/\/www.fradet-nergie.fr\/wp-content\/uploads\/2024\/07\/IMG_20240607_171349-1-scaled.jpg 1920w\" sizes=\"auto, (max-width: 768px) 100vw, 768px\" \/><figcaption class=\"wp-element-caption\">Antitartre plus filtre \u00e0 s\u00e9diment \u00e0 r\u00e9tro lavage automatique.<\/figcaption><\/figure>\n<\/div><\/div>\n\n\n\n<div class=\"wp-block-column is-layout-flow wp-block-column-is-layout-flow\"><div class=\"wp-block-image\">\n<figure class=\"alignright size-large is-resized\"><img loading=\"lazy\" decoding=\"async\" width=\"768\" height=\"1024\" src=\"https:\/\/www.fradet-nergie.fr\/wp-content\/uploads\/2024\/07\/IMG_20240607_113101-768x1024.jpg\" alt=\"\" class=\"wp-image-270\" style=\"width:353px;height:auto\" srcset=\"https:\/\/www.fradet-nergie.fr\/wp-content\/uploads\/2024\/07\/IMG_20240607_113101-768x1024.jpg 768w, https:\/\/www.fradet-nergie.fr\/wp-content\/uploads\/2024\/07\/IMG_20240607_113101-225x300.jpg 225w, https:\/\/www.fradet-nergie.fr\/wp-content\/uploads\/2024\/07\/IMG_20240607_113101-1152x1536.jpg 1152w, https:\/\/www.fradet-nergie.fr\/wp-content\/uploads\/2024\/07\/IMG_20240607_113101-1536x2048.jpg 1536w, https:\/\/www.fradet-nergie.fr\/wp-content\/uploads\/2024\/07\/IMG_20240607_113101-1024x1365.jpg 1024w, https:\/\/www.fradet-nergie.fr\/wp-content\/uploads\/2024\/07\/IMG_20240607_113101-810x1080.jpg 810w, https:\/\/www.fradet-nergie.fr\/wp-content\/uploads\/2024\/07\/IMG_20240607_113101-scaled.jpg 1920w\" sizes=\"auto, (max-width: 768px) 100vw, 768px\" \/><figcaption class=\"wp-element-caption\">Antitartre plus filtre \u00e0 cartouche interchangeable traditionnel.<\/figcaption><\/figure>\n<\/div><\/div>\n<\/div>\n\n\n\n<div style=\"height:49px\" aria-hidden=\"true\" class=\"wp-block-spacer\"><\/div>\n\n\n\n<div class=\"wp-block-columns is-layout-flex wp-container-core-columns-is-layout-9d6595d7 wp-block-columns-is-layout-flex\">\n<div class=\"wp-block-column is-layout-flow wp-block-column-is-layout-flow\" style=\"flex-basis:100%\">\n<div class=\"wp-block-columns is-layout-flex wp-container-core-columns-is-layout-9d6595d7 wp-block-columns-is-layout-flex\">\n<div class=\"wp-block-column is-layout-flow wp-block-column-is-layout-flow\">\n<figure class=\"wp-block-image size-large\"><img loading=\"lazy\" decoding=\"async\" width=\"1024\" height=\"577\" src=\"https:\/\/www.fradet-nergie.fr\/wp-content\/uploads\/2024\/07\/20240709_121120-2-1024x577.jpg\" alt=\"\" class=\"wp-image-291\" srcset=\"https:\/\/www.fradet-nergie.fr\/wp-content\/uploads\/2024\/07\/20240709_121120-2-1024x577.jpg 1024w, https:\/\/www.fradet-nergie.fr\/wp-content\/uploads\/2024\/07\/20240709_121120-2-300x169.jpg 300w, https:\/\/www.fradet-nergie.fr\/wp-content\/uploads\/2024\/07\/20240709_121120-2-768x432.jpg 768w, https:\/\/www.fradet-nergie.fr\/wp-content\/uploads\/2024\/07\/20240709_121120-2-1536x865.jpg 1536w, https:\/\/www.fradet-nergie.fr\/wp-content\/uploads\/2024\/07\/20240709_121120-2-2048x1153.jpg 2048w, https:\/\/www.fradet-nergie.fr\/wp-content\/uploads\/2024\/07\/20240709_121120-2-1918x1080.jpg 1918w\" sizes=\"auto, (max-width: 1024px) 100vw, 1024px\" \/><\/figure>\n<\/div>\n\n\n\n<div class=\"wp-block-column is-layout-flow wp-block-column-is-layout-flow\"><div class=\"wp-block-image\">\n<figure class=\"alignright size-large is-resized\"><img loading=\"lazy\" decoding=\"async\" width=\"577\" height=\"1024\" src=\"https:\/\/www.fradet-nergie.fr\/wp-content\/uploads\/2024\/07\/20240614_133457-3-577x1024.jpg\" alt=\"\" class=\"wp-image-282\" style=\"width:334px;height:auto\" srcset=\"https:\/\/www.fradet-nergie.fr\/wp-content\/uploads\/2024\/07\/20240614_133457-3-577x1024.jpg 577w, https:\/\/www.fradet-nergie.fr\/wp-content\/uploads\/2024\/07\/20240614_133457-3-169x300.jpg 169w, https:\/\/www.fradet-nergie.fr\/wp-content\/uploads\/2024\/07\/20240614_133457-3-768x1364.jpg 768w, https:\/\/www.fradet-nergie.fr\/wp-content\/uploads\/2024\/07\/20240614_133457-3-865x1536.jpg 865w, https:\/\/www.fradet-nergie.fr\/wp-content\/uploads\/2024\/07\/20240614_133457-3-1153x2048.jpg 1153w, https:\/\/www.fradet-nergie.fr\/wp-content\/uploads\/2024\/07\/20240614_133457-3-1024x1819.jpg 1024w, https:\/\/www.fradet-nergie.fr\/wp-content\/uploads\/2024\/07\/20240614_133457-3-608x1080.jpg 608w, https:\/\/www.fradet-nergie.fr\/wp-content\/uploads\/2024\/07\/20240614_133457-3-scaled.jpg 1441w\" sizes=\"auto, (max-width: 577px) 100vw, 577px\" \/><\/figure>\n<\/div><\/div>\n<\/div>\n<\/div>\n<\/div>\n\n\n\n<div style=\"height:48px\" aria-hidden=\"true\" class=\"wp-block-spacer\"><\/div>\n\n\n\n<div class=\"wp-block-buttons is-content-justification-center is-layout-flex wp-container-core-buttons-is-layout-16018d1d wp-block-buttons-is-layout-flex\">\n<div class=\"wp-block-button\"><a class=\"wp-block-button__link has-vivid-cyan-blue-background-color has-background wp-element-button\" href=\"https:\/\/www.fradet-nergie.fr\/?page_id=133\" style=\"border-radius:12px\" target=\"_blank\" rel=\"noreferrer noopener\">Demande de RDV<\/a><\/div>\n<\/div>\n","protected":false},"excerpt":{"rendered":"<p>L&rsquo;eau est une probl\u00e9matique majeur. Les syst\u00e8mes actuelles de traitements anticalcaires pr\u00e9sentent majoritairement soit des rejets d&rsquo;eaux us\u00e9es contenant du calcaire et du sel en grandes concentration soit des modifications chimiques de l&rsquo;eau. Ce qui \u00e9cologiquement et sanitairement ne conviennent pas du tout \u00e0 la philosophie de Nicolas dont le regard global va beaucoup plus&hellip; <br \/> <a class=\"read-more\" href=\"https:\/\/www.fradet-nergie.fr\/?page_id=100\">Lire la suite<\/a><\/p>\n","protected":false},"author":1,"featured_media":0,"parent":0,"menu_order":0,"comment_status":"closed","ping_status":"closed","template":"","meta":{"footnotes":""},"class_list":["post-100","page","type-page","status-publish","hentry"],"_links":{"self":[{"href":"https:\/\/www.fradet-nergie.fr\/index.php?rest_route=\/wp\/v2\/pages\/100","targetHints":{"allow":["GET"]}}],"collection":[{"href":"https:\/\/www.fradet-nergie.fr\/index.php?rest_route=\/wp\/v2\/pages"}],"about":[{"href":"https:\/\/www.fradet-nergie.fr\/index.php?rest_route=\/wp\/v2\/types\/page"}],"author":[{"embeddable":true,"href":"https:\/\/www.fradet-nergie.fr\/index.php?rest_route=\/wp\/v2\/users\/1"}],"replies":[{"embeddable":true,"href":"https:\/\/www.fradet-nergie.fr\/index.php?rest_route=%2Fwp%2Fv2%2Fcomments&post=100"}],"version-history":[{"count":29,"href":"https:\/\/www.fradet-nergie.fr\/index.php?rest_route=\/wp\/v2\/pages\/100\/revisions"}],"predecessor-version":[{"id":294,"href":"https:\/\/www.fradet-nergie.fr\/index.php?rest_route=\/wp\/v2\/pages\/100\/revisions\/294"}],"wp:attachment":[{"href":"https:\/\/www.fradet-nergie.fr\/index.php?rest_route=%2Fwp%2Fv2%2Fmedia&parent=100"}],"curies":[{"name":"wp","href":"https:\/\/api.w.org\/{rel}","templated":true}]}}