{"id":199,"date":"2024-07-14T21:21:26","date_gmt":"2024-07-14T21:21:26","guid":{"rendered":"https:\/\/www.fradet-nergie.fr\/?page_id=199"},"modified":"2024-07-19T07:49:43","modified_gmt":"2024-07-19T07:49:43","slug":"a-propos","status":"publish","type":"page","link":"https:\/\/www.fradet-nergie.fr\/","title":{"rendered":"A propos"},"content":{"rendered":"\n<p class=\"has-text-align-left has-luminous-vivid-amber-color has-text-color has-link-color wp-elements-757dea9da98aa4511e2d738a2d51c851\">  La SARL FRADET\u2019NERGIE dirig\u00e9 par Nicolas FRADET est une entreprise de Chauffage &amp; Climatisation     cr\u00e9\u00e9e depuis juin 2022.<\/p>\n\n\n\n<p class=\"has-text-align-left has-text-color has-link-color wp-elements-c968978cee0d2b8ef010324d752db1cf\" style=\"color:#006ea0\">Sa devise : \u00ab L\u2019\u00e9nergie au service de votre confort.\u00bb<\/p>\n\n\n\n<p class=\"has-text-align-left\">Son c\u0153ur de m\u00e9tier est l\u2019Entretien et le D\u00e9pannage des installations de chauffage et d\u2019eau chaude ainsi que le traitement du r\u00e9seau d&rsquo;eau sanitaire et potable ( par Antitartres et Osmoseurs) pour les particuliers. Ceci en tout type d\u2019\u00e9nergies confondues (pompes \u00e0 chaleurs, granul\u00e9s, gaz, fioul et solaire thermique) et toutes marques.<\/p>\n\n\n\n<p class=\"has-luminous-vivid-amber-color has-text-color has-link-color wp-elements-222ffc40dd9794353386bef2f195184d\">Son Parcours:<\/p>\n\n\n\n<p>Nicolas FRADET a suivi un cursus scolaire dans le domaine de l\u2019\u00e9lectronique avec un BEP puis un Bac STI.<\/p>\n\n\n\n<p>Apr\u00e8s 10 ans de salariat dans diff\u00e9rentes entreprises industrielles de la vienne, un accident de la route le contraint \u00e0 se r\u00e9orienter professionnellement.  <\/p>\n\n\n\n<p>Une formation de 9 mois en centre AFPA lui permet d\u2019obtenir un Titre professionnel de Technicien de Maintenance d\u2019Equipements de Chauffage, Climatisation et Energie Renouvelable, avec une attestation d\u2019aptitude fluide frigorig\u00e8ne cat 1 et une habilitation \u00e9lectrique. <\/p>\n\n\n\n<p>Il exercera et apprendra le m\u00e9tier de chauffagiste aupr\u00e8s d&rsquo;une entreprise locale pendant 3 ans \u00bd, \u00e0 la suite de quoi il partira une ann\u00e9e d\u00e9couvrir la client\u00e8le tertiaire et industrielle dans la soci\u00e9t\u00e9 Herv\u00e9 Thermique \u00e0 Poitiers.<\/p>\n\n\n\n<p class=\"has-text-align-left\">Ayant obtenue son dipl\u00f4me de qualification RGE en 2023 il r\u00e9alise \u00e9galement avec efficacit\u00e9 et expertise des installations compl\u00e8tes: chaudi\u00e8res, pompes \u00e0 chaleur, climatisations et antitartre pour le traitement des eaux. Que cela soit avec ou sans \u00e9ligibilit\u00e9 aux aides de l\u2019\u00e9tat.<\/p>\n\n\n\n<p>Depuis 2022 il se forme en continue, notamment en tant que station technique chez Ariston, Chaffoteau et MCZ.<\/p>\n\n\n\n<p class=\"has-text-align-left\">C\u2019est un professionnel passionn\u00e9, comp\u00e9tent et tr\u00e8s pointu dans son domaine d\u2019activit\u00e9.<\/p>\n\n\n\n<p class=\"has-text-align-left\">Il saura vous offrir le confort dont vous avez besoin, avec un petit suppl\u00e9ment d\u2019\u00e2me en prime.<\/p>\n\n\n\n<p class=\"has-text-align-left\">Appelez-le pour vous offrir le confort et la proximit\u00e9.<\/p>\n\n\n\n<div style=\"height:50px\" aria-hidden=\"true\" class=\"wp-block-spacer\"><\/div>\n\n\n\n<p class=\"has-text-align-center has-luminous-vivid-orange-color has-text-color has-link-color wp-elements-5f8d63be1bd0f2bd319bae8081af28ce\">Abonnez-vous \u00e0 la Page Facebook pour encore plus d&rsquo;infos utiles !<\/p>\n\n\n\n<div class=\"wp-block-buttons is-content-justification-center is-layout-flex wp-container-core-buttons-is-layout-16018d1d wp-block-buttons-is-layout-flex\">\n<div class=\"wp-block-button\"><a class=\"wp-block-button__link has-white-color has-luminous-vivid-amber-background-color has-text-color has-background has-link-color wp-element-button\" href=\"https:\/\/www.facebook.com\/FradetNergie\/?paipv=0&amp;eav=AfYeVKxMxwIOtKfvBGzqc6ejEZrKEUTBQEIX-o0FhnFu7JNhflUecEY5O8NBx0e_r4I&amp;_rdr\" style=\"border-radius:21px\" target=\"_blank\" rel=\"noreferrer noopener\">Facebook<\/a><\/div>\n<\/div>\n\n\n\n<div style=\"height:52px\" aria-hidden=\"true\" class=\"wp-block-spacer\"><\/div>\n\n\n<div class=\"wp-block-image is-style-rounded\">\n<figure class=\"aligncenter size-large is-resized\"><img loading=\"lazy\" decoding=\"async\" width=\"1024\" height=\"768\" src=\"https:\/\/www.fradet-nergie.fr\/wp-content\/uploads\/2024\/07\/camion-1-1024x768.jpg\" alt=\"\" class=\"wp-image-218\" style=\"width:617px;height:auto\" srcset=\"https:\/\/www.fradet-nergie.fr\/wp-content\/uploads\/2024\/07\/camion-1-1024x768.jpg 1024w, https:\/\/www.fradet-nergie.fr\/wp-content\/uploads\/2024\/07\/camion-1-300x225.jpg 300w, https:\/\/www.fradet-nergie.fr\/wp-content\/uploads\/2024\/07\/camion-1-768x576.jpg 768w, https:\/\/www.fradet-nergie.fr\/wp-content\/uploads\/2024\/07\/camion-1-1536x1152.jpg 1536w, https:\/\/www.fradet-nergie.fr\/wp-content\/uploads\/2024\/07\/camion-1-2048x1536.jpg 2048w, https:\/\/www.fradet-nergie.fr\/wp-content\/uploads\/2024\/07\/camion-1-1440x1080.jpg 1440w\" sizes=\"auto, (max-width: 1024px) 100vw, 1024px\" \/><\/figure>\n<\/div>","protected":false},"excerpt":{"rendered":"<p>La SARL FRADET\u2019NERGIE dirig\u00e9 par Nicolas FRADET est une entreprise de Chauffage &amp; Climatisation cr\u00e9\u00e9e depuis juin 2022. Sa devise : \u00ab L\u2019\u00e9nergie au service de votre confort.\u00bb Son c\u0153ur de m\u00e9tier est l\u2019Entretien et le D\u00e9pannage des installations de chauffage et d\u2019eau chaude ainsi que le traitement du r\u00e9seau d&rsquo;eau sanitaire et potable (&hellip; <br \/> <a class=\"read-more\" href=\"https:\/\/www.fradet-nergie.fr\/\">Lire la suite<\/a><\/p>\n","protected":false},"author":1,"featured_media":0,"parent":0,"menu_order":0,"comment_status":"closed","ping_status":"closed","template":"","meta":{"footnotes":""},"class_list":["post-199","page","type-page","status-publish","hentry"],"_links":{"self":[{"href":"https:\/\/www.fradet-nergie.fr\/index.php?rest_route=\/wp\/v2\/pages\/199","targetHints":{"allow":["GET"]}}],"collection":[{"href":"https:\/\/www.fradet-nergie.fr\/index.php?rest_route=\/wp\/v2\/pages"}],"about":[{"href":"https:\/\/www.fradet-nergie.fr\/index.php?rest_route=\/wp\/v2\/types\/page"}],"author":[{"embeddable":true,"href":"https:\/\/www.fradet-nergie.fr\/index.php?rest_route=\/wp\/v2\/users\/1"}],"replies":[{"embeddable":true,"href":"https:\/\/www.fradet-nergie.fr\/index.php?rest_route=%2Fwp%2Fv2%2Fcomments&post=199"}],"version-history":[{"count":23,"href":"https:\/\/www.fradet-nergie.fr\/index.php?rest_route=\/wp\/v2\/pages\/199\/revisions"}],"predecessor-version":[{"id":321,"href":"https:\/\/www.fradet-nergie.fr\/index.php?rest_route=\/wp\/v2\/pages\/199\/revisions\/321"}],"wp:attachment":[{"href":"https:\/\/www.fradet-nergie.fr\/index.php?rest_route=%2Fwp%2Fv2%2Fmedia&parent=199"}],"curies":[{"name":"wp","href":"https:\/\/api.w.org\/{rel}","templated":true}]}}